{"id":42,"date":"2025-02-18T15:27:21","date_gmt":"2025-02-18T14:27:21","guid":{"rendered":"https:\/\/apprenti.jobs\/forma-broye\/?page_id=42"},"modified":"2026-04-20T10:41:05","modified_gmt":"2026-04-20T08:41:05","slug":"speed-recruiting-de-lapprentissage-morges","status":"publish","type":"page","link":"https:\/\/apprenti.jobs\/forma-broye\/","title":{"rendered":"Speed-dating Last Minute \/ Forma Broye"},"content":{"rendered":"\t\t<div data-elementor-type=\"wp-page\" data-elementor-id=\"42\" class=\"elementor elementor-42\" data-elementor-post-type=\"page\">\n\t\t\t\t<div class=\"elementor-element elementor-element-a9387e5 e-flex e-con-boxed e-con e-parent\" data-id=\"a9387e5\" data-element_type=\"container\" data-e-type=\"container\" data-settings=\"{&quot;background_background&quot;:&quot;classic&quot;,&quot;jet_parallax_layout_list&quot;:[]}\">\n\t\t\t\t\t<div class=\"e-con-inner\">\n\t\t<div class=\"elementor-element elementor-element-15b09e2 e-con-full e-flex e-con e-child\" data-id=\"15b09e2\" data-element_type=\"container\" data-e-type=\"container\" data-settings=\"{&quot;jet_parallax_layout_list&quot;:[]}\">\n\t\t<div class=\"elementor-element elementor-element-20a4bc0 e-con-full e-flex e-con e-child\" data-id=\"20a4bc0\" data-element_type=\"container\" data-e-type=\"container\" data-settings=\"{&quot;jet_parallax_layout_list&quot;:[]}\">\n\t\t\t\t<div class=\"elementor-element elementor-element-02d850f elementor-widget elementor-widget-heading\" data-id=\"02d850f\" data-element_type=\"widget\" data-e-type=\"widget\" data-widget_type=\"heading.default\">\n\t\t\t\t<div class=\"elementor-widget-container\">\n\t\t\t\t\t<h2 class=\"elementor-heading-title elementor-size-default\">Speed-Dating<\/h2>\t\t\t\t<\/div>\n\t\t\t\t<\/div>\n\t\t\t\t<div class=\"elementor-element elementor-element-f2d6ffe elementor-widget elementor-widget-heading\" data-id=\"f2d6ffe\" data-element_type=\"widget\" data-e-type=\"widget\" data-widget_type=\"heading.default\">\n\t\t\t\t<div class=\"elementor-widget-container\">\n\t\t\t\t\t<h2 class=\"elementor-heading-title elementor-size-default\">LAST MINUTE<\/h2>\t\t\t\t<\/div>\n\t\t\t\t<\/div>\n\t\t<div class=\"elementor-element elementor-element-40d94c6 e-con-full e-flex e-con e-child\" data-id=\"40d94c6\" data-element_type=\"container\" data-e-type=\"container\" data-settings=\"{&quot;jet_parallax_layout_list&quot;:[]}\">\n\t\t<div class=\"elementor-element elementor-element-4bacfc4 e-con-full e-flex e-con e-child\" data-id=\"4bacfc4\" data-element_type=\"container\" data-e-type=\"container\" data-settings=\"{&quot;jet_parallax_layout_list&quot;:[]}\">\n\t\t\t\t<div class=\"elementor-element elementor-element-390a8ac elementor-widget elementor-widget-heading\" data-id=\"390a8ac\" data-element_type=\"widget\" data-e-type=\"widget\" data-widget_type=\"heading.default\">\n\t\t\t\t<div class=\"elementor-widget-container\">\n\t\t\t\t\t<h4 class=\"elementor-heading-title elementor-size-default\">Trouve ta place d'apprentissage<\/h4>\t\t\t\t<\/div>\n\t\t\t\t<\/div>\n\t\t\t\t<\/div>\n\t\t\t\t<\/div>\n\t\t\t\t<div class=\"elementor-element elementor-element-f403a54 elementor-align-center elementor-widget__width-initial elementor-widget elementor-widget-button\" data-id=\"f403a54\" data-element_type=\"widget\" data-e-type=\"widget\" data-widget_type=\"button.default\">\n\t\t\t\t<div class=\"elementor-widget-container\">\n\t\t\t\t\t\t\t\t\t<div class=\"elementor-button-wrapper\">\n\t\t\t\t\t<a class=\"elementor-button elementor-button-link elementor-size-sm\" href=\"https:\/\/apprenti.jobs\/forma-broye\/liste-des-entreprises\/\">\n\t\t\t\t\t\t<span class=\"elementor-button-content-wrapper\">\n\t\t\t\t\t\t\t\t\t<span class=\"elementor-button-text\">Voir la liste des places d'apprentissages<\/span>\n\t\t\t\t\t<\/span>\n\t\t\t\t\t<\/a>\n\t\t\t\t<\/div>\n\t\t\t\t\t\t\t\t<\/div>\n\t\t\t\t<\/div>\n\t\t\t\t<\/div>\n\t\t\t\t<\/div>\n\t\t\t\t\t<\/div>\n\t\t\t\t<\/div>\n\t\t<div class=\"elementor-element elementor-element-6d5df11 e-flex e-con-boxed e-con e-parent\" data-id=\"6d5df11\" data-element_type=\"container\" data-e-type=\"container\" data-settings=\"{&quot;background_background&quot;:&quot;gradient&quot;,&quot;jet_parallax_layout_list&quot;:[]}\">\n\t\t\t\t\t<div class=\"e-con-inner\">\n\t\t<div class=\"elementor-element elementor-element-e00a0f8 e-con-full e-flex e-con e-child\" data-id=\"e00a0f8\" data-element_type=\"container\" data-e-type=\"container\" data-settings=\"{&quot;jet_parallax_layout_list&quot;:[]}\">\n\t\t\t\t<div class=\"elementor-element elementor-element-17755e3 elementor-view-default elementor-widget elementor-widget-icon\" data-id=\"17755e3\" data-element_type=\"widget\" data-e-type=\"widget\" data-widget_type=\"icon.default\">\n\t\t\t\t<div class=\"elementor-widget-container\">\n\t\t\t\t\t\t\t<div class=\"elementor-icon-wrapper\">\n\t\t\t<div class=\"elementor-icon\">\n\t\t\t<svg xmlns=\"http:\/\/www.w3.org\/2000\/svg\" xmlns:xlink=\"http:\/\/www.w3.org\/1999\/xlink\" fill=\"#F6F8D5\" id=\"_x31_\" viewBox=\"0 0 128 128\" xml:space=\"preserve\" width=\"800px\" height=\"800px\"><g id=\"SVGRepo_bgCarrier\" stroke-width=\"0\"><\/g><g id=\"SVGRepo_tracerCarrier\" stroke-linecap=\"round\" stroke-linejoin=\"round\"><\/g><g id=\"SVGRepo_iconCarrier\"> <g> <ellipse transform=\"matrix(0.9659 -0.2588 0.2588 0.9659 -11.3148 8.9075)\" cx=\"28.2\" cy=\"47.4\" rx=\"7.8\" ry=\"7.8\"><\/ellipse> <path d=\"M37.4,97.5h-9.5c0,0-0.5,0-0.9,0c-4.3-0.4-8-3.5-9.1-7.8l-6.5-24.2c-0.4-1.4-1.8-2.1-3-1.8c-1.4,0.4-2.1,1.8-1.8,3 l6.4,24.2c1.7,6.3,7,10.9,13.5,11.4c0.6,0.1,1.3,0.1,1.3,0.1h9.5c1.4,0,2.4-1.1,2.5-2.5C39.8,98.5,38.8,97.5,37.4,97.5z\"><\/path> <path d=\"M48.6,83.9h-13c-0.3-4.9-1.1-9.8-2.3-14.7c-0.1-0.4-0.4-1.4-0.4-1.5c-1.7-6.3-7.7-10.3-14-9.7c0,0-0.8,0.1-1,0.1 c-2.3,0.6-3.7,3-3.1,5.4l6.7,24.9c0.7,2.8,3.1,4.9,6.1,5.1h0.6h15.5v17.8c0,2.7,2.1,4.9,4.9,4.9c2.7,0,4.9-2.1,4.9-4.9V88.8 c0-1.3-0.5-2.5-1.5-3.4C51.1,84.4,49.8,83.9,48.6,83.9z\"><\/path> <\/g> <g> <ellipse transform=\"matrix(0.2588 -0.9659 0.9659 0.2588 29.3697 133.1303)\" cx=\"101.4\" cy=\"47.4\" rx=\"7.8\" ry=\"7.8\"><\/ellipse> <path d=\"M90.2,97.5h9.5c0,0,0.5,0,0.9,0c4.3-0.4,8-3.5,9.1-7.8l6.5-24.2c0.4-1.4,1.8-2.1,3-1.8c1.4,0.4,2.1,1.8,1.8,3l-6.4,24.2 c-1.7,6.3-7,10.9-13.5,11.4c-0.6,0.1-1.3,0.1-1.3,0.1h-9.5c-1.4,0-2.4-1.1-2.5-2.5C87.8,98.5,88.9,97.5,90.2,97.5z\"><\/path> <path d=\"M79,83.9h13c0.3-4.9,1.1-9.8,2.3-14.7c0.1-0.4,0.4-1.4,0.4-1.5c1.7-6.3,7.7-10.3,14-9.7c0,0,0.8,0.1,1,0.1 c2.3,0.6,3.7,3,3.1,5.4L106,88.4c-0.7,2.8-3.1,4.9-6.1,5.1h-0.6H83.9v17.8c0,2.7-2.1,4.9-4.9,4.9s-4.9-2.1-4.9-4.9V88.8 c0-1.3,0.5-2.5,1.5-3.4C76.5,84.4,77.8,83.9,79,83.9z\"><\/path> <\/g> <rect x=\"38.8\" y=\"70.8\" width=\"50.6\" height=\"6\"><\/rect> <\/g><\/svg>\t\t\t<\/div>\n\t\t<\/div>\n\t\t\t\t\t\t<\/div>\n\t\t\t\t<\/div>\n\t\t\t\t<div class=\"elementor-element elementor-element-bb4c382 elementor-widget elementor-widget-heading\" data-id=\"bb4c382\" data-element_type=\"widget\" data-e-type=\"widget\" data-widget_type=\"heading.default\">\n\t\t\t\t<div class=\"elementor-widget-container\">\n\t\t\t\t\t<h5 class=\"elementor-heading-title elementor-size-default\"> Entretiens rapides de 20 minutes<\/h5>\t\t\t\t<\/div>\n\t\t\t\t<\/div>\n\t\t\t\t<\/div>\n\t\t<div class=\"elementor-element elementor-element-63a79fd e-con-full e-flex e-con e-child\" data-id=\"63a79fd\" data-element_type=\"container\" data-e-type=\"container\" data-settings=\"{&quot;jet_parallax_layout_list&quot;:[]}\">\n\t\t\t\t<div class=\"elementor-element elementor-element-dbb56c7 elementor-view-default elementor-widget elementor-widget-icon\" data-id=\"dbb56c7\" data-element_type=\"widget\" data-e-type=\"widget\" data-widget_type=\"icon.default\">\n\t\t\t\t<div class=\"elementor-widget-container\">\n\t\t\t\t\t\t\t<div class=\"elementor-icon-wrapper\">\n\t\t\t<div class=\"elementor-icon\">\n\t\t\t<svg xmlns=\"http:\/\/www.w3.org\/2000\/svg\" xmlns:xlink=\"http:\/\/www.w3.org\/1999\/xlink\" fill=\"#f6f8d5\" width=\"800px\" height=\"800px\" viewBox=\"0 0 50 50\"><g id=\"SVGRepo_bgCarrier\" stroke-width=\"0\"><\/g><g id=\"SVGRepo_tracerCarrier\" stroke-linecap=\"round\" stroke-linejoin=\"round\"><\/g><g id=\"SVGRepo_iconCarrier\"><path d=\"M7 2L7 5L31 5L31 2 Z M 2 7L2 46L16.078125 46C16.035156 46.320313 16 46.648438 16 47L16 48L48.050781 48L47.992188 46.941406C47.902344 45.363281 47.316406 44.117188 46.488281 43.222656C45.664063 42.328125 44.644531 41.765625 43.679688 41.320313C42.714844 40.875 41.785156 40.535156 41.109375 40.171875C40.464844 39.832031 40.148438 39.511719 40 39.160156L40 37.472656C40.597656 36.609375 40.859375 35.617188 40.9375 34.6875C41.414063 34.265625 41.96875 33.617188 42.125 32.457031C42.230469 31.625 42.019531 30.996094 41.695313 30.464844C42.144531 29.277344 42.328125 27.84375 41.933594 26.417969C41.707031 25.589844 41.277344 24.777344 40.5625 24.171875C40.003906 23.691406 39.238281 23.425781 38.390625 23.308594L37.75 22L37.125 22C36.746094 22 36.371094 22.042969 36 22.097656L36 7 Z M 8 12L12 12L12 14L8 14 Z M 17 12L21 12L21 14L17 14 Z M 26 12L30 12L30 14L26 14 Z M 8 17L12 17L12 19L8 19 Z M 17 17L21 17L21 19L17 19 Z M 26 17L30 17L30 19L26 19 Z M 8 22L12 22L12 24L8 24 Z M 17 22L21 22L21 24L17 24 Z M 28.4375 22.113281L29.027344 23.300781L29.644531 23.300781C30.464844 23.300781 30.96875 23.535156 31.371094 23.894531C31.773438 24.257813 32.066406 24.796875 32.238281 25.429688C32.582031 26.695313 32.289063 28.339844 32.007813 28.792969L31.644531 29.371094L32.050781 29.921875C32.289063 30.238281 32.441406 30.566406 32.363281 31.007813C32.253906 31.625 32.03125 31.707031 31.589844 32.089844L31.257813 32.375L31.246094 32.8125C31.210938 33.792969 30.871094 34.777344 30.300781 35.339844L30 35.632813L30 38.988281L30.058594 39.152344C30.453125 40.25 31.335938 40.933594 32.234375 41.429688C33.132813 41.925781 34.101563 42.289063 34.976563 42.714844C35.851563 43.140625 36.609375 43.625 37.132813 44.261719C37.496094 44.699219 37.71875 45.289063 37.855469 46L18.144531 46C18.28125 45.289063 18.503906 44.699219 18.867188 44.261719C19.390625 43.625 20.148438 43.140625 21.023438 42.714844C21.898438 42.289063 22.867188 41.925781 23.765625 41.429688C24.664063 40.933594 25.546875 40.25 25.941406 39.152344L26 38.988281L26 35.523438L25.5625 35.226563C25.101563 34.914063 24.34375 33.769531 24.238281 32.742188L24.183594 32.1875L23.683594 31.945313C23.398438 31.808594 23.082031 31.753906 23.050781 31.015625C23.050781 31.015625 23.082031 30.824219 23.15625 30.65625C23.234375 30.484375 23.375 30.304688 23.332031 30.347656L23.8125 29.867188L23.542969 29.242188C22.796875 27.523438 22.898438 25.722656 23.761719 24.367188C24.550781 23.125 26.097656 22.269531 28.4375 22.113281 Z M 36.558594 24.113281L37.089844 25.199219L37.714844 25.199219C38.472656 25.199219 38.921875 25.398438 39.265625 25.691406C39.613281 25.984375 39.859375 26.414063 40.003906 26.949219C40.300781 28.019531 40.085938 29.480469 39.746094 30.144531L39.417969 30.796875L39.933594 31.308594C39.867188 31.242188 40.195313 31.785156 40.140625 32.195313C40.011719 33.175781 39.871094 33.113281 39.449219 33.390625L39.03125 33.667969L39 34.171875C38.953125 35.042969 38.515625 36.351563 38.28125 36.589844L38 36.878906L38 39.621094L38.058594 39.78125C38.4375 40.835938 39.296875 41.476563 40.167969 41.9375C41.035156 42.398438 41.980469 42.738281 42.84375 43.136719C43.707031 43.535156 44.476563 43.984375 45.019531 44.578125C45.367188 44.953125 45.601563 45.433594 45.769531 46L39.921875 46C39.757813 44.777344 39.3125 43.765625 38.675781 42.988281C37.875 42.011719 36.84375 41.398438 35.855469 40.917969C34.867188 40.4375 33.910156 40.070313 33.203125 39.679688C32.527344 39.308594 32.175781 38.953125 32 38.53125L32 36.296875C32.691406 35.421875 33.054688 34.390625 33.15625 33.34375C33.542969 33.003906 34.144531 32.417969 34.332031 31.359375C34.484375 30.492188 34.226563 29.785156 33.90625 29.210938C34.4375 27.988281 34.59375 26.460938 34.167969 24.902344C34.164063 24.886719 34.15625 24.871094 34.152344 24.855469C34.367188 24.71875 34.640625 24.5625 34.949219 24.441406C35.4375 24.25 36.007813 24.179688 36.558594 24.113281 Z M 8 27L12 27L12 29L8 29 Z M 17 27L21 27L21 29L17 29 Z M 8 32L12 32L12 34L8 34 Z M 17 32L21 32L21 34L17 34 Z M 8 37L12 37L12 39L8 39 Z M 17 37L21 37L21 39L17 39Z\"><\/path><\/g><\/svg>\t\t\t<\/div>\n\t\t<\/div>\n\t\t\t\t\t\t<\/div>\n\t\t\t\t<\/div>\n\t\t\t\t<div class=\"elementor-element elementor-element-619734d elementor-widget elementor-widget-heading\" data-id=\"619734d\" data-element_type=\"widget\" data-e-type=\"widget\" data-widget_type=\"heading.default\">\n\t\t\t\t<div class=\"elementor-widget-container\">\n\t\t\t\t\t<h5 class=\"elementor-heading-title elementor-size-default\">Rencontre en direct <br>avec les entreprises formatrices <\/h5>\t\t\t\t<\/div>\n\t\t\t\t<\/div>\n\t\t\t\t<\/div>\n\t\t<div class=\"elementor-element elementor-element-0c3aee6 e-con-full e-flex e-con e-child\" data-id=\"0c3aee6\" data-element_type=\"container\" data-e-type=\"container\" data-settings=\"{&quot;jet_parallax_layout_list&quot;:[]}\">\n\t\t\t\t<div class=\"elementor-element elementor-element-3848840 elementor-view-default elementor-widget elementor-widget-icon\" data-id=\"3848840\" data-element_type=\"widget\" data-e-type=\"widget\" data-widget_type=\"icon.default\">\n\t\t\t\t<div class=\"elementor-widget-container\">\n\t\t\t\t\t\t\t<div class=\"elementor-icon-wrapper\">\n\t\t\t<div class=\"elementor-icon\">\n\t\t\t<svg aria-hidden=\"true\" class=\"e-font-icon-svg e-far-smile-beam\" viewBox=\"0 0 496 512\" xmlns=\"http:\/\/www.w3.org\/2000\/svg\"><path d=\"M248 8C111 8 0 119 0 256s111 248 248 248 248-111 248-248S385 8 248 8zm0 448c-110.3 0-200-89.7-200-200S137.7 56 248 56s200 89.7 200 200-89.7 200-200 200zm84-143.4c-20.8 25-51.5 39.4-84 39.4s-63.2-14.3-84-39.4c-8.5-10.2-23.6-11.5-33.8-3.1-10.2 8.5-11.5 23.6-3.1 33.8 30 36 74.1 56.6 120.9 56.6s90.9-20.6 120.9-56.6c8.5-10.2 7.1-25.3-3.1-33.8-10.2-8.4-25.3-7.1-33.8 3.1zM136.5 211c7.7-13.7 19.2-21.6 31.5-21.6s23.8 7.9 31.5 21.6l9.5 17c2.1 3.7 6.2 4.7 9.3 3.7 3.6-1.1 6-4.5 5.7-8.3-3.3-42.1-32.2-71.4-56-71.4s-52.7 29.3-56 71.4c-.3 3.7 2.1 7.2 5.7 8.3 3.4 1.1 7.4-.5 9.3-3.7l9.5-17zM328 152c-23.8 0-52.7 29.3-56 71.4-.3 3.7 2.1 7.2 5.7 8.3 3.5 1.1 7.4-.5 9.3-3.7l9.5-17c7.7-13.7 19.2-21.6 31.5-21.6s23.8 7.9 31.5 21.6l9.5 17c2.1 3.7 6.2 4.7 9.3 3.7 3.6-1.1 6-4.5 5.7-8.3-3.3-42.1-32.2-71.4-56-71.4z\"><\/path><\/svg>\t\t\t<\/div>\n\t\t<\/div>\n\t\t\t\t\t\t<\/div>\n\t\t\t\t<\/div>\n\t\t\t\t<div class=\"elementor-element elementor-element-6850e1d elementor-widget elementor-widget-heading\" data-id=\"6850e1d\" data-element_type=\"widget\" data-e-type=\"widget\" data-widget_type=\"heading.default\">\n\t\t\t\t<div class=\"elementor-widget-container\">\n\t\t\t\t\t<h5 class=\"elementor-heading-title elementor-size-default\">Enti\u00e8rement gratuit <\/h5>\t\t\t\t<\/div>\n\t\t\t\t<\/div>\n\t\t\t\t<\/div>\n\t\t\t\t\t<\/div>\n\t\t\t\t<\/div>\n\t\t<div class=\"elementor-element elementor-element-8317aa1 e-con-full e-flex e-con e-parent\" data-id=\"8317aa1\" data-element_type=\"container\" data-e-type=\"container\" data-settings=\"{&quot;jet_parallax_layout_list&quot;:[],&quot;background_background&quot;:&quot;classic&quot;}\">\n\t\t<div class=\"elementor-element elementor-element-fe464b3 e-con-full e-flex e-con e-child\" data-id=\"fe464b3\" data-element_type=\"container\" data-e-type=\"container\" data-settings=\"{&quot;jet_parallax_layout_list&quot;:[],&quot;background_background&quot;:&quot;classic&quot;,&quot;background_motion_fx_motion_fx_scrolling&quot;:&quot;yes&quot;,&quot;background_motion_fx_devices&quot;:[&quot;desktop&quot;,&quot;tablet&quot;,&quot;mobile&quot;]}\">\n\t\t\t\t<div class=\"elementor-element elementor-element-c7e61ab elementor-widget elementor-widget-image\" data-id=\"c7e61ab\" data-element_type=\"widget\" data-e-type=\"widget\" data-settings=\"{&quot;sticky&quot;:&quot;top&quot;,&quot;sticky_parent&quot;:&quot;yes&quot;,&quot;sticky_on&quot;:[&quot;desktop&quot;,&quot;tablet&quot;,&quot;mobile&quot;],&quot;sticky_offset&quot;:0,&quot;sticky_effects_offset&quot;:0,&quot;sticky_anchor_link_offset&quot;:0}\" data-widget_type=\"image.default\">\n\t\t\t\t<div class=\"elementor-widget-container\">\n\t\t\t\t\t\t\t\t\t\t\t\t\t\t\t<img fetchpriority=\"high\" decoding=\"async\" width=\"800\" height=\"665\" src=\"https:\/\/apprenti.jobs\/forma-broye\/wp-content\/uploads\/sites\/3\/2026\/04\/commnt-ca-marche.jpg\" class=\"attachment-large size-large wp-image-3020\" alt=\"\" srcset=\"https:\/\/apprenti.jobs\/forma-broye\/wp-content\/uploads\/sites\/3\/2026\/04\/commnt-ca-marche.jpg 802w, https:\/\/apprenti.jobs\/forma-broye\/wp-content\/uploads\/sites\/3\/2026\/04\/commnt-ca-marche-300x250.jpg 300w, https:\/\/apprenti.jobs\/forma-broye\/wp-content\/uploads\/sites\/3\/2026\/04\/commnt-ca-marche-768x639.jpg 768w\" sizes=\"(max-width: 800px) 100vw, 800px\" \/>\t\t\t\t\t\t\t\t\t\t\t\t\t\t\t<\/div>\n\t\t\t\t<\/div>\n\t\t\t\t<\/div>\n\t\t<div class=\"elementor-element elementor-element-2a67d7f e-con-full e-flex e-con e-child\" data-id=\"2a67d7f\" data-element_type=\"container\" data-e-type=\"container\" data-settings=\"{&quot;jet_parallax_layout_list&quot;:[]}\">\n\t\t\t\t<div class=\"elementor-element elementor-element-c7116a7 elementor-widget elementor-widget-heading\" data-id=\"c7116a7\" data-element_type=\"widget\" data-e-type=\"widget\" data-widget_type=\"heading.default\">\n\t\t\t\t<div class=\"elementor-widget-container\">\n\t\t\t\t\t<h2 class=\"elementor-heading-title elementor-size-default\">Comment<\/h2>\t\t\t\t<\/div>\n\t\t\t\t<\/div>\n\t\t\t\t<div class=\"elementor-element elementor-element-8cf95e6 elementor-widget elementor-widget-heading\" data-id=\"8cf95e6\" data-element_type=\"widget\" data-e-type=\"widget\" data-widget_type=\"heading.default\">\n\t\t\t\t<div class=\"elementor-widget-container\">\n\t\t\t\t\t<h2 class=\"elementor-heading-title elementor-size-default\">\u00e7a marche ? <\/h2>\t\t\t\t<\/div>\n\t\t\t\t<\/div>\n\t\t<div class=\"elementor-element elementor-element-9c4c2a8 e-con-full e-flex e-con e-child\" data-id=\"9c4c2a8\" data-element_type=\"container\" data-e-type=\"container\" data-settings=\"{&quot;jet_parallax_layout_list&quot;:[]}\">\n\t\t\t\t<div class=\"elementor-element elementor-element-63abb6d elementor-widget elementor-widget-tp-process-steps\" data-id=\"63abb6d\" data-element_type=\"widget\" data-e-type=\"widget\" data-widget_type=\"tp-process-steps.default\">\n\t\t\t\t<div class=\"elementor-widget-container\">\n\t\t\t\t\t<div id=\"proste6a086267de980\" class=\"tp-process-steps-widget style_1   \"  data-connection=\"\" data-eventtype=\"\"><div class=\"tp-process-steps-wrapper elementor-repeater-item-342a7e4 elementor-ps-content-0 active\" data-index=\"0\"><div class=\"tp-ps-left-imt \"><span class=\"tp-ps-icon-img \"><span class=\"tp-ps-text\">1<\/span><\/span><\/div><div class=\"tp-ps-right-content\"><span class=\"tp-ps-content\"><h6 class=\"tp-pro-step-title\">S\u2019enregistrer sur l\u2019espace \u00e9l\u00e8ve ou entreprises selon votre profil<\/h6> <div class=\"tp-pro-step-desc\"> <p>Choisis les entreprises qui t\u2019int\u00e9ressent et bloque tes cr\u00e9neaux \u00e0 l\u2019avance.<br \/><b><i>Astuce : pr\u00e9pare une liste des m\u00e9tiers ou entreprises qui t\u2019attirent pour cibler tes choix.<\/i><\/b><\/p> <\/div><\/span><\/div><\/div><div class=\"tp-process-steps-wrapper elementor-repeater-item-22cf68a elementor-ps-content-1 \" data-index=\"1\"><div class=\"tp-ps-left-imt \"><span class=\"tp-ps-icon-img \"><span class=\"tp-ps-text\">2<\/span><\/span><\/div><div class=\"tp-ps-right-content\"><span class=\"tp-ps-content\"><h6 class=\"tp-pro-step-title\">S\u00e9lectionne le(s) cr\u00e9neau(x) <\/h6> <div class=\"tp-pro-step-desc\"> <p>En tant qu\u2019\u00e9l\u00e8ve, choisis les entreprises qui t\u2019int\u00e9ressent et s\u00e9lectionne le(s) cr\u00e9neau(x).<\/p> <\/div><\/span><\/div><\/div><\/div>\t\t\t\t<\/div>\n\t\t\t\t<\/div>\n\t\t\t\t<\/div>\n\t\t\t\t<\/div>\n\t\t\t\t<\/div>\n\t\t<div class=\"elementor-element elementor-element-29703d6 e-flex e-con-boxed e-con e-parent\" data-id=\"29703d6\" data-element_type=\"container\" data-e-type=\"container\" data-settings=\"{&quot;background_background&quot;:&quot;classic&quot;,&quot;jet_parallax_layout_list&quot;:[]}\">\n\t\t\t\t\t<div class=\"e-con-inner\">\n\t\t\t\t<div class=\"elementor-element elementor-element-d958369 elementor-widget elementor-widget-image\" data-id=\"d958369\" data-element_type=\"widget\" data-e-type=\"widget\" data-widget_type=\"image.default\">\n\t\t\t\t<div class=\"elementor-widget-container\">\n\t\t\t\t\t\t\t\t\t\t\t\t\t\t\t<img decoding=\"async\" width=\"200\" height=\"91\" src=\"https:\/\/apprenti.jobs\/forma-broye\/wp-content\/uploads\/sites\/3\/2024\/02\/logo.svg\" class=\"attachment-large size-large wp-image-3009\" alt=\"\" \/>\t\t\t\t\t\t\t\t\t\t\t\t\t\t\t<\/div>\n\t\t\t\t<\/div>\n\t\t\t\t<div class=\"elementor-element elementor-element-1c49db5 elementor-widget elementor-widget-heading\" data-id=\"1c49db5\" data-element_type=\"widget\" data-e-type=\"widget\" data-widget_type=\"heading.default\">\n\t\t\t\t<div class=\"elementor-widget-container\">\n\t\t\t\t\t<h2 class=\"elementor-heading-title elementor-size-default\">Les entreprises pr\u00e9sentes au Speed-dating Last Minute<\/h2>\t\t\t\t<\/div>\n\t\t\t\t<\/div>\n\t\t\t\t<div class=\"elementor-element elementor-element-b6cf3d0 elementor-widget-divider--view-line elementor-widget elementor-widget-divider\" data-id=\"b6cf3d0\" data-element_type=\"widget\" data-e-type=\"widget\" data-widget_type=\"divider.default\">\n\t\t\t\t<div class=\"elementor-widget-container\">\n\t\t\t\t\t\t\t<div class=\"elementor-divider\">\n\t\t\t<span class=\"elementor-divider-separator\">\n\t\t\t\t\t\t<\/span>\n\t\t<\/div>\n\t\t\t\t\t\t<\/div>\n\t\t\t\t<\/div>\n\t\t\t\t<div class=\"elementor-element elementor-element-7e789bb elementor-widget elementor-widget-jet-listing-grid\" data-id=\"7e789bb\" data-element_type=\"widget\" data-e-type=\"widget\" data-settings=\"{&quot;columns&quot;:&quot;5&quot;,&quot;columns_mobile&quot;:&quot;1&quot;}\" data-widget_type=\"jet-listing-grid.default\">\n\t\t\t\t<div class=\"elementor-widget-container\">\n\t\t\t\t\t<div class=\"jet-listing-grid jet-listing-grid--lazy-load jet-listing jet-listing-grid-loading\" data-lazy-load=\"{&quot;offset&quot;:&quot;0px&quot;,&quot;post_id&quot;:42,&quot;queried_id&quot;:&quot;42|WP_Post&quot;}\"><div class=\"jet-listing-grid__loader\"><div class=\"jet-listing-grid__loader-spinner\"><\/div><\/div><\/div>\t\t\t\t<\/div>\n\t\t\t\t<\/div>\n\t\t\t\t\t<\/div>\n\t\t\t\t<\/div>\n\t\t\t\t<\/div>\n\t\t","protected":false},"excerpt":{"rendered":"<p>Speed-Dating LAST MINUTE Trouve ta place d&rsquo;apprentissage Voir la liste des places d&rsquo;apprentissages Entretiens rapides de 20 minutes Rencontre en direct avec les entreprises formatrices Enti\u00e8rement gratuit Comment \u00e7a marche ? 1 S\u2019enregistrer sur l\u2019espace \u00e9l\u00e8ve ou entreprises selon votre profil Choisis les entreprises qui t\u2019int\u00e9ressent et bloque tes cr\u00e9neaux \u00e0 l\u2019avance.Astuce : pr\u00e9pare une [&hellip;]<\/p>\n","protected":false},"author":1,"featured_media":0,"parent":0,"menu_order":0,"comment_status":"closed","ping_status":"closed","template":"elementor_header_footer","meta":{"_jf_limit_responses":"","_jet_sm_ready_style":"","_jet_sm_style":"","_jet_sm_controls_values":"","_jet_sm_fonts_collection":"","_jet_sm_fonts_links":"","footnotes":""},"class_list":["post-42","page","type-page","status-publish","hentry"],"_links":{"self":[{"href":"https:\/\/apprenti.jobs\/forma-broye\/wp-json\/wp\/v2\/pages\/42","targetHints":{"allow":["GET"]}}],"collection":[{"href":"https:\/\/apprenti.jobs\/forma-broye\/wp-json\/wp\/v2\/pages"}],"about":[{"href":"https:\/\/apprenti.jobs\/forma-broye\/wp-json\/wp\/v2\/types\/page"}],"author":[{"embeddable":true,"href":"https:\/\/apprenti.jobs\/forma-broye\/wp-json\/wp\/v2\/users\/1"}],"replies":[{"embeddable":true,"href":"https:\/\/apprenti.jobs\/forma-broye\/wp-json\/wp\/v2\/comments?post=42"}],"version-history":[{"count":745,"href":"https:\/\/apprenti.jobs\/forma-broye\/wp-json\/wp\/v2\/pages\/42\/revisions"}],"predecessor-version":[{"id":3174,"href":"https:\/\/apprenti.jobs\/forma-broye\/wp-json\/wp\/v2\/pages\/42\/revisions\/3174"}],"wp:attachment":[{"href":"https:\/\/apprenti.jobs\/forma-broye\/wp-json\/wp\/v2\/media?parent=42"}],"curies":[{"name":"wp","href":"https:\/\/api.w.org\/{rel}","templated":true}]}}